{"id":460,"date":"2021-09-21T11:25:56","date_gmt":"2021-09-21T09:25:56","guid":{"rendered":"http:\/\/www.tabeahoernlein.de\/?page_id=460"},"modified":"2024-02-16T17:45:09","modified_gmt":"2024-02-16T16:45:09","slug":"startseite","status":"publish","type":"page","link":"https:\/\/www.tabeahoernlein.de\/startseite\/","title":{"rendered":"Startseite"},"content":{"rendered":"\t\t<div data-elementor-type=\"wp-page\" data-elementor-id=\"460\" class=\"elementor elementor-460\" data-elementor-post-type=\"page\">\n\t\t\t\t\t\t<section class=\"elementor-section elementor-top-section elementor-element elementor-element-20d45a5 elementor-section-boxed elementor-section-height-default elementor-section-height-default\" data-id=\"20d45a5\" data-element_type=\"section\">\n\t\t\t\t\t\t<div class=\"elementor-container elementor-column-gap-default\">\n\t\t\t\t\t<div class=\"elementor-column elementor-col-100 elementor-top-column elementor-element elementor-element-302cefe\" data-id=\"302cefe\" data-element_type=\"column\">\n\t\t\t<div class=\"elementor-widget-wrap elementor-element-populated\">\n\t\t\t\t\t\t<div class=\"elementor-element elementor-element-da0cc7b elementor-widget elementor-widget-heading\" data-id=\"da0cc7b\" data-element_type=\"widget\" data-widget_type=\"heading.default\">\n\t\t\t\t<div class=\"elementor-widget-container\">\n\t\t\t\t\t<h1 class=\"elementor-heading-title elementor-size-xxl\">Interessant ist Theater nur, wenn man macht, was man nicht kann. Nur daraus entsteht etwas Neues.   <\/h1>\t\t\t\t<\/div>\n\t\t\t\t<\/div>\n\t\t\t\t\t<\/div>\n\t\t<\/div>\n\t\t\t\t\t<\/div>\n\t\t<\/section>\n\t\t\t\t<section class=\"elementor-section elementor-top-section elementor-element elementor-element-67fc4f6 elementor-section-boxed elementor-section-height-default elementor-section-height-default\" data-id=\"67fc4f6\" data-element_type=\"section\">\n\t\t\t\t\t\t<div class=\"elementor-container elementor-column-gap-default\">\n\t\t\t\t\t<div class=\"elementor-column elementor-col-100 elementor-top-column elementor-element elementor-element-bb1f192\" data-id=\"bb1f192\" data-element_type=\"column\">\n\t\t\t<div class=\"elementor-widget-wrap elementor-element-populated\">\n\t\t\t\t\t\t<div class=\"elementor-element elementor-element-8375e55 elementor-widget elementor-widget-text-editor\" data-id=\"8375e55\" data-element_type=\"widget\" data-widget_type=\"text-editor.default\">\n\t\t\t\t<div class=\"elementor-widget-container\">\n\t\t\t\t\t\t\t\t\t<p>Heiner M\u00fcller<\/p>\t\t\t\t\t\t\t\t<\/div>\n\t\t\t\t<\/div>\n\t\t\t\t\t<\/div>\n\t\t<\/div>\n\t\t\t\t\t<\/div>\n\t\t<\/section>\n\t\t\t\t<section class=\"elementor-section elementor-top-section elementor-element elementor-element-4a5a990 elementor-section-boxed elementor-section-height-default elementor-section-height-default\" data-id=\"4a5a990\" data-element_type=\"section\">\n\t\t\t\t\t\t<div class=\"elementor-container elementor-column-gap-default\">\n\t\t\t\t\t<div class=\"elementor-column elementor-col-100 elementor-top-column elementor-element elementor-element-18c3294\" data-id=\"18c3294\" data-element_type=\"column\">\n\t\t\t<div class=\"elementor-widget-wrap elementor-element-populated\">\n\t\t\t\t\t\t\t<\/div>\n\t\t<\/div>\n\t\t\t\t\t<\/div>\n\t\t<\/section>\n\t\t\t\t<section class=\"elementor-section elementor-top-section elementor-element elementor-element-84750a7 elementor-section-boxed elementor-section-height-default elementor-section-height-default\" data-id=\"84750a7\" data-element_type=\"section\">\n\t\t\t\t\t\t<div class=\"elementor-container elementor-column-gap-default\">\n\t\t\t\t\t<div class=\"elementor-column elementor-col-100 elementor-top-column elementor-element elementor-element-9a6f987\" data-id=\"9a6f987\" data-element_type=\"column\" data-settings=\"{&quot;background_background&quot;:&quot;classic&quot;}\">\n\t\t\t<div class=\"elementor-widget-wrap elementor-element-populated\">\n\t\t\t\t\t\t<section class=\"elementor-section elementor-inner-section elementor-element elementor-element-4a55921 elementor-section-boxed elementor-section-height-default elementor-section-height-default\" data-id=\"4a55921\" data-element_type=\"section\" data-settings=\"{&quot;background_background&quot;:&quot;classic&quot;}\">\n\t\t\t\t\t\t\t<div class=\"elementor-background-overlay\"><\/div>\n\t\t\t\t\t\t\t<div class=\"elementor-container elementor-column-gap-default\">\n\t\t\t\t\t<div class=\"elementor-column elementor-col-50 elementor-inner-column elementor-element elementor-element-4a1e695\" data-id=\"4a1e695\" data-element_type=\"column\">\n\t\t\t<div class=\"elementor-widget-wrap elementor-element-populated\">\n\t\t\t\t\t\t<div class=\"elementor-element elementor-element-64d82ab elementor-widget elementor-widget-image\" data-id=\"64d82ab\" data-element_type=\"widget\" data-widget_type=\"image.default\">\n\t\t\t\t<div class=\"elementor-widget-container\">\n\t\t\t\t\t\t\t\t\t\t\t\t<figure class=\"wp-caption\">\n\t\t\t\t\t\t\t\t\t\t<img fetchpriority=\"high\" decoding=\"async\" width=\"700\" height=\"1050\" src=\"https:\/\/www.tabeahoernlein.de\/wp-content\/uploads\/2024\/02\/Tabea_0009_R6020718-700x1050.jpg\" class=\"attachment-large size-large wp-image-663\" alt=\"Portrait Tabea H\u00f6rnlein Fotografin: Franziska Kestel\" srcset=\"https:\/\/www.tabeahoernlein.de\/wp-content\/uploads\/2024\/02\/Tabea_0009_R6020718-700x1050.jpg 700w, https:\/\/www.tabeahoernlein.de\/wp-content\/uploads\/2024\/02\/Tabea_0009_R6020718-200x300.jpg 200w, https:\/\/www.tabeahoernlein.de\/wp-content\/uploads\/2024\/02\/Tabea_0009_R6020718-768x1152.jpg 768w, https:\/\/www.tabeahoernlein.de\/wp-content\/uploads\/2024\/02\/Tabea_0009_R6020718-1024x1536.jpg 1024w, https:\/\/www.tabeahoernlein.de\/wp-content\/uploads\/2024\/02\/Tabea_0009_R6020718-1365x2048.jpg 1365w, https:\/\/www.tabeahoernlein.de\/wp-content\/uploads\/2024\/02\/Tabea_0009_R6020718-scaled.jpg 1707w\" sizes=\"(max-width: 700px) 100vw, 700px\" \/>\t\t\t\t\t\t\t\t\t\t\t<figcaption class=\"widget-image-caption wp-caption-text\">Foto: Franziska Kestel<\/figcaption>\n\t\t\t\t\t\t\t\t\t\t<\/figure>\n\t\t\t\t\t\t\t\t\t<\/div>\n\t\t\t\t<\/div>\n\t\t\t\t\t<\/div>\n\t\t<\/div>\n\t\t\t\t<div class=\"elementor-column elementor-col-50 elementor-inner-column elementor-element elementor-element-0e2429b\" data-id=\"0e2429b\" data-element_type=\"column\">\n\t\t\t<div class=\"elementor-widget-wrap elementor-element-populated\">\n\t\t\t\t\t\t<div class=\"elementor-element elementor-element-0450dfd elementor-widget elementor-widget-text-editor\" data-id=\"0450dfd\" data-element_type=\"widget\" data-widget_type=\"text-editor.default\">\n\t\t\t\t<div class=\"elementor-widget-container\">\n\t\t\t\t\t\t\t\t\t<p><span style=\"color: var( --e-global-color-text ); font-family: var( --e-global-typography-text-font-family ), Sans-serif; font-size: 1rem;\">Als mir dieser Satz vor einigen Jahren das erste Mal begegnete, hat er bei mir einen unheimlichen Tatendrang und gro\u00dfe Entspannung ausgel\u00f6st.\u00a0<\/span><\/p>\n<p>Seitdem ist der Proberaum f\u00fcr mich vor allem das: <strong>Ein Ort der Begegnung und ein Ort des Experiments.\u00a0<\/strong><\/p>\n<p>Beim gemeinsamen Theatermachen geht es mir um Beteiligung und den k\u00fcnstlerischen Austausch von Ideen.\u00a0<\/p>\n<p>Seit 2014 besch\u00e4ftige ich mich vor allem mit dem Themen <strong>Partizipation und Digitalit\u00e4t im Theater mit und f\u00fcr Kinder und Jugendliche<\/strong>.\u00a0<br \/><br \/>In <strong>(Online-)Workshops<\/strong> gebe ich mein praktisches Wissen an Erzieher*innen, Lehrer*innen und Theaterp\u00e4dagog*innen weiter.<br \/><br \/><span style=\"color: var( --e-global-color-text ); font-family: var( --e-global-typography-text-font-family ), Sans-serif; font-size: 1rem;\">Au\u00dferdem berate ich Theater bei den ersten Schritten in der Auseinandersetzung mit der Digitalisierung. \u00a0<br \/><br \/>Die theaterpraktische Arbeit mit Gruppen bleibt stets eine andauernde Inspirationsquelle f\u00fcr meine Fortbildungsformate.<\/span><\/p>\t\t\t\t\t\t\t\t<\/div>\n\t\t\t\t<\/div>\n\t\t\t\t\t<\/div>\n\t\t<\/div>\n\t\t\t\t\t<\/div>\n\t\t<\/section>\n\t\t\t\t\t<\/div>\n\t\t<\/div>\n\t\t\t\t\t<\/div>\n\t\t<\/section>\n\t\t\t\t<section class=\"elementor-section elementor-top-section elementor-element elementor-element-0710e4a elementor-section-boxed elementor-section-height-default elementor-section-height-default\" data-id=\"0710e4a\" data-element_type=\"section\">\n\t\t\t\t\t\t<div class=\"elementor-container elementor-column-gap-default\">\n\t\t\t\t\t<div class=\"elementor-column elementor-col-100 elementor-top-column elementor-element elementor-element-9c8440f\" data-id=\"9c8440f\" data-element_type=\"column\">\n\t\t\t<div class=\"elementor-widget-wrap elementor-element-populated\">\n\t\t\t\t\t\t<div class=\"elementor-element elementor-element-7043a99 elementor-align-center elementor-widget elementor-widget-button\" data-id=\"7043a99\" data-element_type=\"widget\" data-widget_type=\"button.default\">\n\t\t\t\t<div class=\"elementor-widget-container\">\n\t\t\t\t\t\t\t\t\t<div class=\"elementor-button-wrapper\">\n\t\t\t\t\t<a class=\"elementor-button elementor-button-link elementor-size-sm elementor-animation-shrink\" href=\"https:\/\/www.tabeahoernlein.de\/startseite\/kontakt\/\" target=\"_blank\">\n\t\t\t\t\t\t<span class=\"elementor-button-content-wrapper\">\n\t\t\t\t\t\t<span class=\"elementor-button-icon\">\n\t\t\t\t<i aria-hidden=\"true\" class=\"far fa-envelope\"><\/i>\t\t\t<\/span>\n\t\t\t\t\t\t\t\t\t<span class=\"elementor-button-text\">Kontakt<\/span>\n\t\t\t\t\t<\/span>\n\t\t\t\t\t<\/a>\n\t\t\t\t<\/div>\n\t\t\t\t\t\t\t\t<\/div>\n\t\t\t\t<\/div>\n\t\t\t\t\t<\/div>\n\t\t<\/div>\n\t\t\t\t\t<\/div>\n\t\t<\/section>\n\t\t\t\t<section class=\"elementor-section elementor-top-section elementor-element elementor-element-a9c53ac elementor-section-boxed elementor-section-height-default elementor-section-height-default\" data-id=\"a9c53ac\" data-element_type=\"section\">\n\t\t\t\t\t\t<div class=\"elementor-container elementor-column-gap-default\">\n\t\t\t\t\t<div class=\"elementor-column elementor-col-100 elementor-top-column elementor-element elementor-element-b62e171\" data-id=\"b62e171\" data-element_type=\"column\">\n\t\t\t<div class=\"elementor-widget-wrap elementor-element-populated\">\n\t\t\t\t\t\t<div class=\"elementor-element elementor-element-34e7006 elementor-shape-rounded elementor-grid-0 e-grid-align-center elementor-widget elementor-widget-social-icons\" data-id=\"34e7006\" data-element_type=\"widget\" data-widget_type=\"social-icons.default\">\n\t\t\t\t<div class=\"elementor-widget-container\">\n\t\t\t\t\t\t\t<div class=\"elementor-social-icons-wrapper elementor-grid\">\n\t\t\t\t\t\t\t<span class=\"elementor-grid-item\">\n\t\t\t\t\t<a class=\"elementor-icon elementor-social-icon elementor-social-icon-facebook elementor-repeater-item-481fb3a\" href=\"https:\/\/www.facebook.com\/tabea.hornlein\" target=\"_blank\" rel=\"noopener\">\n\t\t\t\t\t\t<span class=\"elementor-screen-only\">Facebook<\/span>\n\t\t\t\t\t\t<i class=\"fab fa-facebook\"><\/i>\t\t\t\t\t<\/a>\n\t\t\t\t<\/span>\n\t\t\t\t\t\t\t<span class=\"elementor-grid-item\">\n\t\t\t\t\t<a class=\"elementor-icon elementor-social-icon elementor-social-icon-instagram elementor-repeater-item-bfe7f8e\" href=\"https:\/\/www.instagram.com\/tabeahoernlein_theater\/\" target=\"_blank\" rel=\"noopener\">\n\t\t\t\t\t\t<span class=\"elementor-screen-only\">Instagram<\/span>\n\t\t\t\t\t\t<i class=\"fab fa-instagram\"><\/i>\t\t\t\t\t<\/a>\n\t\t\t\t<\/span>\n\t\t\t\t\t<\/div>\n\t\t\t\t\t\t<\/div>\n\t\t\t\t<\/div>\n\t\t\t\t\t<\/div>\n\t\t<\/div>\n\t\t\t\t\t<\/div>\n\t\t<\/section>\n\t\t\t\t<\/div>\n\t\t","protected":false},"excerpt":{"rendered":"<p>Interessant ist Theater nur, wenn man macht, was man nicht kann. Nur daraus entsteht etwas Neues. Heiner M\u00fcller Foto: Franziska Kestel Als mir dieser Satz vor einigen Jahren das erste Mal begegnete, hat er bei mir einen unheimlichen Tatendrang und gro\u00dfe Entspannung ausgel\u00f6st.\u00a0 Seitdem ist der Proberaum f\u00fcr mich vor allem das: Ein Ort der [&hellip;]<\/p>\n","protected":false},"author":1,"featured_media":0,"parent":0,"menu_order":0,"comment_status":"closed","ping_status":"closed","template":"","meta":{"_themeisle_gutenberg_block_has_review":false,"footnotes":""},"_links":{"self":[{"href":"https:\/\/www.tabeahoernlein.de\/startseite\/wp-json\/wp\/v2\/pages\/460"}],"collection":[{"href":"https:\/\/www.tabeahoernlein.de\/startseite\/wp-json\/wp\/v2\/pages"}],"about":[{"href":"https:\/\/www.tabeahoernlein.de\/startseite\/wp-json\/wp\/v2\/types\/page"}],"author":[{"embeddable":true,"href":"https:\/\/www.tabeahoernlein.de\/startseite\/wp-json\/wp\/v2\/users\/1"}],"replies":[{"embeddable":true,"href":"https:\/\/www.tabeahoernlein.de\/startseite\/wp-json\/wp\/v2\/comments?post=460"}],"version-history":[{"count":33,"href":"https:\/\/www.tabeahoernlein.de\/startseite\/wp-json\/wp\/v2\/pages\/460\/revisions"}],"predecessor-version":[{"id":668,"href":"https:\/\/www.tabeahoernlein.de\/startseite\/wp-json\/wp\/v2\/pages\/460\/revisions\/668"}],"wp:attachment":[{"href":"https:\/\/www.tabeahoernlein.de\/startseite\/wp-json\/wp\/v2\/media?parent=460"}],"curies":[{"name":"wp","href":"https:\/\/api.w.org\/{rel}","templated":true}]}}