{"id":462,"date":"2021-09-21T11:26:28","date_gmt":"2021-09-21T09:26:28","guid":{"rendered":"http:\/\/www.tabeahoernlein.de\/?page_id=462"},"modified":"2021-10-06T11:02:08","modified_gmt":"2021-10-06T09:02:08","slug":"ueber-mich","status":"publish","type":"page","link":"https:\/\/www.tabeahoernlein.de\/startseite\/ueber-mich\/","title":{"rendered":"\u00dcber mich"},"content":{"rendered":"\t\t<div data-elementor-type=\"wp-page\" data-elementor-id=\"462\" class=\"elementor elementor-462\" data-elementor-post-type=\"page\">\n\t\t\t\t\t\t<section class=\"elementor-section elementor-top-section elementor-element elementor-element-54203481 elementor-section-boxed elementor-section-height-default elementor-section-height-default\" data-id=\"54203481\" data-element_type=\"section\">\n\t\t\t\t\t\t<div class=\"elementor-container elementor-column-gap-default\">\n\t\t\t\t\t<div class=\"elementor-column elementor-col-100 elementor-top-column elementor-element elementor-element-5c8ace9e\" data-id=\"5c8ace9e\" data-element_type=\"column\">\n\t\t\t<div class=\"elementor-widget-wrap elementor-element-populated\">\n\t\t\t\t\t\t<div class=\"elementor-element elementor-element-63d1aaa2 elementor-widget elementor-widget-text-editor\" data-id=\"63d1aaa2\" data-element_type=\"widget\" data-widget_type=\"text-editor.default\">\n\t\t\t\t<div class=\"elementor-widget-container\">\n\t\t\t\t\t\t\t\t\t\n<div class=\"wp-block-themeisle-blocks-advanced-columns has-undefined-columns has-desktop-undefined-layout has-tablet-equal-layout has-mobile-equal-layout has-default-gap has-vertical-unset\" id=\"wp-block-themeisle-blocks-advanced-columns-fca3bfdf\"><div class=\"wp-block-themeisle-blocks-advanced-columns-overlay\"><\/div><div class=\"innerblocks-wrap\"><\/div><\/div>\n\t\t\t\t\t\t\t\t<\/div>\n\t\t\t\t<\/div>\n\t\t\t\t\t<\/div>\n\t\t<\/div>\n\t\t\t\t\t<\/div>\n\t\t<\/section>\n\t\t\t\t<section class=\"elementor-section elementor-top-section elementor-element elementor-element-4e7fa2ec elementor-section-boxed elementor-section-height-default elementor-section-height-default\" data-id=\"4e7fa2ec\" data-element_type=\"section\">\n\t\t\t\t\t\t<div class=\"elementor-container elementor-column-gap-default\">\n\t\t\t\t\t<div class=\"elementor-column elementor-col-100 elementor-top-column elementor-element elementor-element-2c6c60b5\" data-id=\"2c6c60b5\" data-element_type=\"column\">\n\t\t\t<div class=\"elementor-widget-wrap elementor-element-populated\">\n\t\t\t\t\t\t<div class=\"elementor-element elementor-element-6e49402b elementor-widget elementor-widget-image\" data-id=\"6e49402b\" data-element_type=\"widget\" data-widget_type=\"image.default\">\n\t\t\t\t<div class=\"elementor-widget-container\">\n\t\t\t\t\t\t\t\t\t\t\t\t\t\t\t<img fetchpriority=\"high\" decoding=\"async\" width=\"200\" height=\"300\" src=\"https:\/\/www.tabeahoernlein.de\/wp-content\/uploads\/2018\/08\/Portrait_Ho\u0308rnleinTabea-6173-200x300.jpg\" class=\"attachment-medium size-medium wp-image-75\" alt=\"\" srcset=\"https:\/\/www.tabeahoernlein.de\/wp-content\/uploads\/2018\/08\/Portrait_Ho\u0308rnleinTabea-6173-200x300.jpg 200w, https:\/\/www.tabeahoernlein.de\/wp-content\/uploads\/2018\/08\/Portrait_Ho\u0308rnleinTabea-6173.jpg 640w\" sizes=\"(max-width: 200px) 100vw, 200px\" \/>\t\t\t\t\t\t\t\t\t\t\t\t\t\t\t<\/div>\n\t\t\t\t<\/div>\n\t\t\t\t\t<\/div>\n\t\t<\/div>\n\t\t\t\t\t<\/div>\n\t\t<\/section>\n\t\t\t\t<section class=\"elementor-section elementor-top-section elementor-element elementor-element-66953125 elementor-section-boxed elementor-section-height-default elementor-section-height-default\" data-id=\"66953125\" data-element_type=\"section\">\n\t\t\t\t\t\t<div class=\"elementor-container elementor-column-gap-default\">\n\t\t\t\t\t<div class=\"elementor-column elementor-col-50 elementor-top-column elementor-element elementor-element-5245a19\" data-id=\"5245a19\" data-element_type=\"column\">\n\t\t\t<div class=\"elementor-widget-wrap elementor-element-populated\">\n\t\t\t\t\t\t<div class=\"elementor-element elementor-element-286e256f elementor-widget elementor-widget-heading\" data-id=\"286e256f\" data-element_type=\"widget\" data-widget_type=\"heading.default\">\n\t\t\t\t<div class=\"elementor-widget-container\">\n\t\t\t\t\t<h3 class=\"elementor-heading-title elementor-size-large\">Beruf<\/h3>\t\t\t\t<\/div>\n\t\t\t\t<\/div>\n\t\t\t\t<div class=\"elementor-element elementor-element-c2f07ef elementor-widget elementor-widget-heading\" data-id=\"c2f07ef\" data-element_type=\"widget\" data-widget_type=\"heading.default\">\n\t\t\t\t<div class=\"elementor-widget-container\">\n\t\t\t\t\t<h5 class=\"elementor-heading-title elementor-size-large\">seit 09\/ 2021<\/h5>\t\t\t\t<\/div>\n\t\t\t\t<\/div>\n\t\t\t\t<div class=\"elementor-element elementor-element-70b15307 elementor-widget elementor-widget-heading\" data-id=\"70b15307\" data-element_type=\"widget\" data-widget_type=\"heading.default\">\n\t\t\t\t<div class=\"elementor-widget-container\">\n\t\t\t\t\t<h3 class=\"elementor-heading-title elementor-size-large\">freischaffend<\/h3>\t\t\t\t<\/div>\n\t\t\t\t<\/div>\n\t\t\t\t<div class=\"elementor-element elementor-element-2ff148a8 elementor-widget elementor-widget-text-editor\" data-id=\"2ff148a8\" data-element_type=\"widget\" data-widget_type=\"text-editor.default\">\n\t\t\t\t<div class=\"elementor-widget-container\">\n\t\t\t\t\t\t\t\t\t<p><strong>Theaterp\u00e4dagogin<\/strong><br \/>f\u00fcr <a href=\"https:\/\/www.kost-sachsen.de\/\" target=\"_blank\" rel=\"noopener\">KOST &#8211; Kooperation Schule und Theater in Sachsen\u00a0<\/a><br \/><span style=\"color: var( --e-global-color-text ); font-family: var( --e-global-typography-text-font-family ), Sans-serif; font-weight: var( --e-global-typography-text-font-weight ); font-size: 1rem;\">Kleine Kooperation mit der 30. Grundschule Dresden<br \/><\/span><span style=\"color: var( --e-global-color-text ); font-family: var( --e-global-typography-text-font-family ), Sans-serif; font-weight: var( --e-global-typography-text-font-weight ); font-size: 1rem;\">&amp;<br \/>Projekt Weiterbildung<\/span><\/p>\n<p><a href=\"https:\/\/www.dresden.de\/de\/leben\/kinder\/tagesbetreuung\/qualitaetsinitiativen\/KuBiK.php\" target=\"_blank\" rel=\"noopener\">Kubik &#8211; Kulturelle Bildung im Kindergarten\u00a0<\/a><br \/><span style=\"color: var( --e-global-color-text ); font-family: var( --e-global-typography-text-font-family ), Sans-serif; font-weight: var( --e-global-typography-text-font-weight ); font-size: 1rem;\">Kooperation mit der Kita Winzerstra\u00dfe\u00a0<\/span><\/p>\n<p><a href=\"https:\/\/bag-online.de\/theatrelab-digitale-herbstakademie\" target=\"_blank\" rel=\"noopener\">BAG Spiel und Theater<\/a>\u00a0<br \/>#theatreLAB &#8211; digitale Herbstakademie\u00a0<\/p>\n<p><span style=\"color: var( --e-global-color-text ); font-family: var( --e-global-typography-text-font-family ), Sans-serif; font-weight: var( --e-global-typography-text-font-weight ); font-size: 1rem;\"><a href=\"https:\/\/www.theaterberatung-bw.de\/fort-ausbildung-theater-spielberatung-baden-wuerttemberg\/workshops-theater-spielberatung\/workshop-theater\/\" target=\"_blank\" rel=\"noopener\">Theater- und Spielberatung Baden-W\u00fcrttember<\/a>g<br \/>Workshop.Theater &#8211; digital\u00a0<\/span><\/p>\n<p>\u00a0<\/p>\n<p><strong><a href=\"https:\/\/fotografietabeahoernlein.de\" target=\"_blank\" rel=\"noopener\">Fotografin<\/a><\/strong><span style=\"color: #999999;\"><strong><br \/><\/strong>dokumentarische Familienfotografie,\u00a0<br \/>Dokumentation von k\u00fcnstlerischen Prozessen\u00a0<\/span><\/p>\t\t\t\t\t\t\t\t<\/div>\n\t\t\t\t<\/div>\n\t\t\t\t<div class=\"elementor-element elementor-element-20b0c92f elementor-widget-divider--view-line elementor-widget elementor-widget-divider\" data-id=\"20b0c92f\" data-element_type=\"widget\" data-widget_type=\"divider.default\">\n\t\t\t\t<div class=\"elementor-widget-container\">\n\t\t\t\t\t\t\t<div class=\"elementor-divider\">\n\t\t\t<span class=\"elementor-divider-separator\">\n\t\t\t\t\t\t<\/span>\n\t\t<\/div>\n\t\t\t\t\t\t<\/div>\n\t\t\t\t<\/div>\n\t\t\t\t<div class=\"elementor-element elementor-element-1a8d3e06 elementor-widget elementor-widget-heading\" data-id=\"1a8d3e06\" data-element_type=\"widget\" data-widget_type=\"heading.default\">\n\t\t\t\t<div class=\"elementor-widget-container\">\n\t\t\t\t\t<h5 class=\"elementor-heading-title elementor-size-large\">2011 - 2021<\/h5>\t\t\t\t<\/div>\n\t\t\t\t<\/div>\n\t\t\t\t<div class=\"elementor-element elementor-element-6bbce8ce elementor-widget elementor-widget-heading\" data-id=\"6bbce8ce\" data-element_type=\"widget\" data-widget_type=\"heading.default\">\n\t\t\t\t<div class=\"elementor-widget-container\">\n\t\t\t\t\t<h3 class=\"elementor-heading-title elementor-size-large\">tjg. theater junge generation<\/h3>\t\t\t\t<\/div>\n\t\t\t\t<\/div>\n\t\t\t\t<div class=\"elementor-element elementor-element-63c437d2 elementor-widget elementor-widget-text-editor\" data-id=\"63c437d2\" data-element_type=\"widget\" data-widget_type=\"text-editor.default\">\n\t\t\t\t<div class=\"elementor-widget-container\">\n\t\t\t\t\t\t\t\t\t<p class=\"p1\">Festengagement als<br \/><br \/>2018-2021 <br \/><b>Dramaturgin f\u00fcr Partizipationsprojekte<\/b>\u00a0<\/p>\n<p class=\"p1\">2015\/16 \u2013 2017\/ 18<br \/><b>Dramaturgin f\u00fcr Digitale Medien<\/b>\u00a0<\/p>\n<p class=\"p1\">2011\/12 \u2013 2014\/15<br \/><b>Leiterin Theaterakademie<\/b>\u00a0<\/p>\t\t\t\t\t\t\t\t<\/div>\n\t\t\t\t<\/div>\n\t\t\t\t<div class=\"elementor-element elementor-element-61cfad6a elementor-widget-divider--view-line elementor-widget elementor-widget-divider\" data-id=\"61cfad6a\" data-element_type=\"widget\" data-widget_type=\"divider.default\">\n\t\t\t\t<div class=\"elementor-widget-container\">\n\t\t\t\t\t\t\t<div class=\"elementor-divider\">\n\t\t\t<span class=\"elementor-divider-separator\">\n\t\t\t\t\t\t<\/span>\n\t\t<\/div>\n\t\t\t\t\t\t<\/div>\n\t\t\t\t<\/div>\n\t\t\t\t<div class=\"elementor-element elementor-element-493d1ff7 elementor-widget elementor-widget-heading\" data-id=\"493d1ff7\" data-element_type=\"widget\" data-widget_type=\"heading.default\">\n\t\t\t\t<div class=\"elementor-widget-container\">\n\t\t\t\t\t<h5 class=\"elementor-heading-title elementor-size-large\">2008 - 2011<\/h5>\t\t\t\t<\/div>\n\t\t\t\t<\/div>\n\t\t\t\t<div class=\"elementor-element elementor-element-3f9eb391 elementor-widget elementor-widget-heading\" data-id=\"3f9eb391\" data-element_type=\"widget\" data-widget_type=\"heading.default\">\n\t\t\t\t<div class=\"elementor-widget-container\">\n\t\t\t\t\t<h3 class=\"elementor-heading-title elementor-size-large\">TheaterFABRIK von Theater Altenburg-Gera<\/h3>\t\t\t\t<\/div>\n\t\t\t\t<\/div>\n\t\t\t\t<div class=\"elementor-element elementor-element-7ede6c2b elementor-widget elementor-widget-text-editor\" data-id=\"7ede6c2b\" data-element_type=\"widget\" data-widget_type=\"text-editor.default\">\n\t\t\t\t<div class=\"elementor-widget-container\">\n\t\t\t\t\t\t\t\t\t<p>k\u00fcnstlerische Leitung<\/p>\t\t\t\t\t\t\t\t<\/div>\n\t\t\t\t<\/div>\n\t\t\t\t<div class=\"elementor-element elementor-element-70a7b5db elementor-widget-divider--view-line elementor-widget elementor-widget-divider\" data-id=\"70a7b5db\" data-element_type=\"widget\" data-widget_type=\"divider.default\">\n\t\t\t\t<div class=\"elementor-widget-container\">\n\t\t\t\t\t\t\t<div class=\"elementor-divider\">\n\t\t\t<span class=\"elementor-divider-separator\">\n\t\t\t\t\t\t<\/span>\n\t\t<\/div>\n\t\t\t\t\t\t<\/div>\n\t\t\t\t<\/div>\n\t\t\t\t\t<\/div>\n\t\t<\/div>\n\t\t\t\t<div class=\"elementor-column elementor-col-50 elementor-top-column elementor-element elementor-element-178f9614\" data-id=\"178f9614\" data-element_type=\"column\">\n\t\t\t<div class=\"elementor-widget-wrap elementor-element-populated\">\n\t\t\t\t\t\t<div class=\"elementor-element elementor-element-9cb5453 elementor-widget elementor-widget-heading\" data-id=\"9cb5453\" data-element_type=\"widget\" data-widget_type=\"heading.default\">\n\t\t\t\t<div class=\"elementor-widget-container\">\n\t\t\t\t\t<h3 class=\"elementor-heading-title elementor-size-large\">Ausbildung<\/h3>\t\t\t\t<\/div>\n\t\t\t\t<\/div>\n\t\t\t\t<div class=\"elementor-element elementor-element-35da98b6 elementor-widget elementor-widget-heading\" data-id=\"35da98b6\" data-element_type=\"widget\" data-widget_type=\"heading.default\">\n\t\t\t\t<div class=\"elementor-widget-container\">\n\t\t\t\t\t<h5 class=\"elementor-heading-title elementor-size-large\">2003 - 2009<\/h5>\t\t\t\t<\/div>\n\t\t\t\t<\/div>\n\t\t\t\t<div class=\"elementor-element elementor-element-237cd676 elementor-widget elementor-widget-heading\" data-id=\"237cd676\" data-element_type=\"widget\" data-widget_type=\"heading.default\">\n\t\t\t\t<div class=\"elementor-widget-container\">\n\t\t\t\t\t<h3 class=\"elementor-heading-title elementor-size-large\">Kulturwissenschaften &amp; \u00e4sthetische Praxis <\/h3>\t\t\t\t<\/div>\n\t\t\t\t<\/div>\n\t\t\t\t<div class=\"elementor-element elementor-element-44e7227 elementor-widget elementor-widget-text-editor\" data-id=\"44e7227\" data-element_type=\"widget\" data-widget_type=\"text-editor.default\">\n\t\t\t\t<div class=\"elementor-widget-container\">\n\t\t\t\t\t\t\t\t\t<p>Hauptfach Bildende Kunst (Performance Art \/ Fotografie)<br \/>Nebenfach Theater\u00a0<\/p>\n<p>Universit\u00e4t Hildesheim<br \/>Abschluss Dipl. Kulturwisschenschaftlerin<\/p>\t\t\t\t\t\t\t\t<\/div>\n\t\t\t\t<\/div>\n\t\t\t\t<div class=\"elementor-element elementor-element-2587c25b elementor-widget-divider--view-line elementor-widget elementor-widget-divider\" data-id=\"2587c25b\" data-element_type=\"widget\" data-widget_type=\"divider.default\">\n\t\t\t\t<div class=\"elementor-widget-container\">\n\t\t\t\t\t\t\t<div class=\"elementor-divider\">\n\t\t\t<span class=\"elementor-divider-separator\">\n\t\t\t\t\t\t<\/span>\n\t\t<\/div>\n\t\t\t\t\t\t<\/div>\n\t\t\t\t<\/div>\n\t\t\t\t<div class=\"elementor-element elementor-element-7069819e elementor-widget elementor-widget-heading\" data-id=\"7069819e\" data-element_type=\"widget\" data-widget_type=\"heading.default\">\n\t\t\t\t<div class=\"elementor-widget-container\">\n\t\t\t\t\t<h3 class=\"elementor-heading-title elementor-size-large\">Ehrenamt<\/h3>\t\t\t\t<\/div>\n\t\t\t\t<\/div>\n\t\t\t\t<div class=\"elementor-element elementor-element-5a811e6 elementor-widget elementor-widget-text-editor\" data-id=\"5a811e6\" data-element_type=\"widget\" data-widget_type=\"text-editor.default\">\n\t\t\t\t<div class=\"elementor-widget-container\">\n\t\t\t\t\t\t\t\t\t<p class=\"p1\">seit Gr\u00fcndung 2015 &#8211; 2021<br \/><b>Beiratsmitglied<\/b> KOST \u2013 Kooperation Schule und Theater in Sachsen<\/p>\n<p class=\"p1\">Dezember 2012 \u2013 Dezember 2018<br \/><b>Vorstandsmitglied<\/b> der deutschen ASSITEJ \u2013 Internationale Vereinigung des Theaters f\u00fcr Kinder und Jugendliche<\/p>\t\t\t\t\t\t\t\t<\/div>\n\t\t\t\t<\/div>\n\t\t\t\t<div class=\"elementor-element elementor-element-9bfd1cf elementor-widget-divider--view-line elementor-widget elementor-widget-divider\" data-id=\"9bfd1cf\" data-element_type=\"widget\" data-widget_type=\"divider.default\">\n\t\t\t\t<div class=\"elementor-widget-container\">\n\t\t\t\t\t\t\t<div class=\"elementor-divider\">\n\t\t\t<span class=\"elementor-divider-separator\">\n\t\t\t\t\t\t<\/span>\n\t\t<\/div>\n\t\t\t\t\t\t<\/div>\n\t\t\t\t<\/div>\n\t\t\t\t<div class=\"elementor-element elementor-element-0771814 elementor-widget elementor-widget-heading\" data-id=\"0771814\" data-element_type=\"widget\" data-widget_type=\"heading.default\">\n\t\t\t\t<div class=\"elementor-widget-container\">\n\t\t\t\t\t<h3 class=\"elementor-heading-title elementor-size-large\">Pers\u00f6nliches<\/h3>\t\t\t\t<\/div>\n\t\t\t\t<\/div>\n\t\t\t\t<div class=\"elementor-element elementor-element-3cbcdbf elementor-widget elementor-widget-text-editor\" data-id=\"3cbcdbf\" data-element_type=\"widget\" data-widget_type=\"text-editor.default\">\n\t\t\t\t<div class=\"elementor-widget-container\">\n\t\t\t\t\t\t\t\t\t<p class=\"p1\">2015 <br \/>Geburt des 1. Kindes<b><br \/><\/b><\/p>\n<p>2017<br \/>Geburt des 2. Kindes<\/p>\t\t\t\t\t\t\t\t<\/div>\n\t\t\t\t<\/div>\n\t\t\t\t<div class=\"elementor-element elementor-element-aef762d elementor-widget-divider--view-line elementor-widget elementor-widget-divider\" data-id=\"aef762d\" data-element_type=\"widget\" data-widget_type=\"divider.default\">\n\t\t\t\t<div class=\"elementor-widget-container\">\n\t\t\t\t\t\t\t<div class=\"elementor-divider\">\n\t\t\t<span class=\"elementor-divider-separator\">\n\t\t\t\t\t\t<\/span>\n\t\t<\/div>\n\t\t\t\t\t\t<\/div>\n\t\t\t\t<\/div>\n\t\t\t\t<div class=\"elementor-element elementor-element-67d0a58 elementor-widget elementor-widget-heading\" data-id=\"67d0a58\" data-element_type=\"widget\" data-widget_type=\"heading.default\">\n\t\t\t\t<div class=\"elementor-widget-container\">\n\t\t\t\t\t<h3 class=\"elementor-heading-title elementor-size-large\">\u00dcber mich <\/h3>\t\t\t\t<\/div>\n\t\t\t\t<\/div>\n\t\t\t\t<div class=\"elementor-element elementor-element-4bb9b7f8 elementor-widget elementor-widget-text-editor\" data-id=\"4bb9b7f8\" data-element_type=\"widget\" data-widget_type=\"text-editor.default\">\n\t\t\t\t<div class=\"elementor-widget-container\">\n\t\t\t\t\t\t\t\t\t<section class=\"elementor-section elementor-top-section elementor-element elementor-element-20d45a5 elementor-section-boxed elementor-section-height-default elementor-section-height-default\" data-id=\"20d45a5\" data-element_type=\"section\">\n<div class=\"elementor-container elementor-column-gap-default\">\n<div class=\"elementor-column elementor-col-100 elementor-top-column elementor-element elementor-element-302cefe\" data-id=\"302cefe\" data-element_type=\"column\">\n<div class=\"elementor-widget-wrap elementor-element-populated\">\n<div class=\"elementor-element elementor-element-da0cc7b elementor-widget elementor-widget-heading\" data-id=\"da0cc7b\" data-element_type=\"widget\" data-widget_type=\"heading.default\">\n<div class=\"elementor-widget-container\"><em style=\"color: var( --e-global-color-text ); font-family: var( --e-global-typography-text-font-family ), Sans-serif; font-weight: var( --e-global-typography-text-font-weight ); font-size: 1rem;\">Interessant ist Theater nur, wenn man macht, was man nicht kann. Nur daraus entsteht etwas Neues. (<\/em><span style=\"color: var( --e-global-color-text ); font-family: var( --e-global-typography-text-font-family ), Sans-serif; font-weight: var( --e-global-typography-text-font-weight ); font-size: 1rem;\">Heiner M\u00fcller)\u00a0<\/span><\/div>\n<\/div>\n<\/div>\n<\/div>\n<\/div>\n<\/section>\n<section class=\"elementor-section elementor-top-section elementor-element elementor-element-67fc4f6 elementor-section-boxed elementor-section-height-default elementor-section-height-default\" data-id=\"67fc4f6\" data-element_type=\"section\">\n<div class=\"elementor-container elementor-column-gap-default\">\n<div class=\"elementor-column elementor-col-100 elementor-top-column elementor-element elementor-element-bb1f192\" data-id=\"bb1f192\" data-element_type=\"column\">\n<div class=\"elementor-widget-wrap elementor-element-populated\">\n<div class=\"elementor-element elementor-element-8375e55 elementor-widget elementor-widget-text-editor\" data-id=\"8375e55\" data-element_type=\"widget\" data-widget_type=\"text-editor.default\">\n<div class=\"elementor-widget-container\">\n<p>Als mir dieser Satz vor einigen Jahren das erste Mal begegnete, hat er bei mir einen unheimlichen Tatendrang und gro\u00dfe Entspannung ausgel\u00f6st.\u00a0<\/p>\n<\/div>\n<p>Seitdem ist der Proberaum f\u00fcr mich vor allem das: <strong>Ein Ort der Begegnung und ein Ort des Experiments.\u00a0<\/strong><\/p>\n<p>Beim gemeinsamen Theatermachen geht es mir um Beteiligung und den k\u00fcnstlerischen Austausch von Ideen.\u00a0<\/p>\n<p>Seit 2014 besch\u00e4ftige ich mich vor allem mit dem Themen <strong>Partizipation und Digitalit\u00e4t im Theater mit und f\u00fcr Kinder und Jugendliche<\/strong>.\u00a0<\/p>\n<p>In <strong>(Online-)Workshops<\/strong> gebe ich mein praktisches Wissen an Erzieher*innen, Lehrer*innen und Theaterp\u00e4dagog*innen weiter.<\/p>\n<p>Au\u00dferdem berate ich Theater bei den ersten Schritten in der Auseinandersetzung mit der Digitalisierung. \u00a0<\/p>\n<p>Die theaterpraktische Arbeit mit Gruppen bleibt stets eine andauernde Inspirationsquelle f\u00fcr meine Fortbildungsformate.<\/p>\n<p>\u00a0<\/p>\n<\/div>\n<\/div>\n<\/div>\n<\/div>\n<\/section>\t\t\t\t\t\t\t\t<\/div>\n\t\t\t\t<\/div>\n\t\t\t\t\t<\/div>\n\t\t<\/div>\n\t\t\t\t\t<\/div>\n\t\t<\/section>\n\t\t\t\t<\/div>\n\t\t","protected":false},"excerpt":{"rendered":"<p>Beruf seit 09\/ 2021 freischaffend Theaterp\u00e4dagoginf\u00fcr KOST &#8211; Kooperation Schule und Theater in Sachsen\u00a0Kleine Kooperation mit der 30. Grundschule Dresden&amp;Projekt Weiterbildung Kubik &#8211; Kulturelle Bildung im Kindergarten\u00a0Kooperation mit der Kita Winzerstra\u00dfe\u00a0 BAG Spiel und Theater\u00a0#theatreLAB &#8211; digitale Herbstakademie\u00a0 Theater- und Spielberatung Baden-W\u00fcrttembergWorkshop.Theater &#8211; digital\u00a0 \u00a0 Fotografindokumentarische Familienfotografie,\u00a0Dokumentation von k\u00fcnstlerischen Prozessen\u00a0 2011 &#8211; 2021 tjg. theater [&hellip;]<\/p>\n","protected":false},"author":1,"featured_media":0,"parent":0,"menu_order":0,"comment_status":"closed","ping_status":"closed","template":"","meta":{"_themeisle_gutenberg_block_has_review":false,"footnotes":""},"_links":{"self":[{"href":"https:\/\/www.tabeahoernlein.de\/startseite\/wp-json\/wp\/v2\/pages\/462"}],"collection":[{"href":"https:\/\/www.tabeahoernlein.de\/startseite\/wp-json\/wp\/v2\/pages"}],"about":[{"href":"https:\/\/www.tabeahoernlein.de\/startseite\/wp-json\/wp\/v2\/types\/page"}],"author":[{"embeddable":true,"href":"https:\/\/www.tabeahoernlein.de\/startseite\/wp-json\/wp\/v2\/users\/1"}],"replies":[{"embeddable":true,"href":"https:\/\/www.tabeahoernlein.de\/startseite\/wp-json\/wp\/v2\/comments?post=462"}],"version-history":[{"count":61,"href":"https:\/\/www.tabeahoernlein.de\/startseite\/wp-json\/wp\/v2\/pages\/462\/revisions"}],"predecessor-version":[{"id":633,"href":"https:\/\/www.tabeahoernlein.de\/startseite\/wp-json\/wp\/v2\/pages\/462\/revisions\/633"}],"wp:attachment":[{"href":"https:\/\/www.tabeahoernlein.de\/startseite\/wp-json\/wp\/v2\/media?parent=462"}],"curies":[{"name":"wp","href":"https:\/\/api.w.org\/{rel}","templated":true}]}}